{"id":5,"date":"2013-10-17T08:50:09","date_gmt":"2013-10-17T08:50:09","guid":{"rendered":"http:\/\/reha-sportverein-vitalis.de\/wordpress\/?page_id=5"},"modified":"2013-10-18T16:36:01","modified_gmt":"2013-10-18T16:36:01","slug":"aktuelles","status":"publish","type":"page","link":"https:\/\/www.reha-sportverein-vitalis.de\/","title":{"rendered":"Willkommen"},"content":{"rendered":"<p>Herzlich Willkommen auf dem neuen Internetauftritt des Rehasportvereins Vitalis Bad Hersfeld e.V.<\/p>\n<p>Liebe Mitglieder,<br \/>\nliebe F\u00f6rderer,<br \/>\nliebe Freunde des Reha-Sportvereins Vitalis e. V.<\/p>\n<p>seit Oktober 2013 ist unser Verein Mitglied im Landessportbund Hessen e. V. und des Behindertensportverbandes Hessen e. V. mit den Sportarten im Verein gemeldet und wird ab November 2013 seine T\u00e4tigkeit aufnehmen. Unser Vereinszweck bezieht sich auf die Pflege und F\u00f6rderung des Pr\u00e4ventations- und Rehabilitationssportes, speziell beziehen wir uns auf die Bewegungs-, Sport- und Spiel\u00fcbungen sowie die Durchf\u00fchrung von Vortr\u00e4gen, Kursen und Sportveranstaltungen die unter zur Hilfenahme von geschulten \u00dcbungsleiter\/innen durchgef\u00fchrt werden.<\/p>\n<p>Wenn Sie Interesse an einer Mitgliedschaft in unserem Verein haben, wenden Sie sich bitte vertrauensvoll an unsere Vereinsvorsitzende Dagmar D\u00f6ring.<\/p>\n","protected":false},"excerpt":{"rendered":"<p>Herzlich Willkommen auf dem neuen Internetauftritt des Rehasportvereins Vitalis Bad Hersfeld e.V. Liebe Mitglieder, liebe F\u00f6rderer, liebe Freunde des Reha-Sportvereins Vitalis e. V. seit Oktober 2013 ist unser Verein Mitglied im Landessportbund Hessen e. V. und des Behindertensportverbandes Hessen e. &hellip; <a href=\"https:\/\/www.reha-sportverein-vitalis.de\/\">Weiterlesen <span class=\"meta-nav\">&rarr;<\/span><\/a><\/p>\n","protected":false},"author":1,"featured_media":0,"parent":0,"menu_order":0,"comment_status":"closed","ping_status":"closed","template":"","meta":{"footnotes":""},"class_list":["post-5","page","type-page","status-publish","hentry"],"_links":{"self":[{"href":"https:\/\/www.reha-sportverein-vitalis.de\/index.php?rest_route=\/wp\/v2\/pages\/5","targetHints":{"allow":["GET"]}}],"collection":[{"href":"https:\/\/www.reha-sportverein-vitalis.de\/index.php?rest_route=\/wp\/v2\/pages"}],"about":[{"href":"https:\/\/www.reha-sportverein-vitalis.de\/index.php?rest_route=\/wp\/v2\/types\/page"}],"author":[{"embeddable":true,"href":"https:\/\/www.reha-sportverein-vitalis.de\/index.php?rest_route=\/wp\/v2\/users\/1"}],"replies":[{"embeddable":true,"href":"https:\/\/www.reha-sportverein-vitalis.de\/index.php?rest_route=%2Fwp%2Fv2%2Fcomments&post=5"}],"version-history":[{"count":5,"href":"https:\/\/www.reha-sportverein-vitalis.de\/index.php?rest_route=\/wp\/v2\/pages\/5\/revisions"}],"predecessor-version":[{"id":31,"href":"https:\/\/www.reha-sportverein-vitalis.de\/index.php?rest_route=\/wp\/v2\/pages\/5\/revisions\/31"}],"wp:attachment":[{"href":"https:\/\/www.reha-sportverein-vitalis.de\/index.php?rest_route=%2Fwp%2Fv2%2Fmedia&parent=5"}],"curies":[{"name":"wp","href":"https:\/\/api.w.org\/{rel}","templated":true}]}}